{"id":42,"date":"2020-02-14T07:27:48","date_gmt":"2020-02-14T07:27:48","guid":{"rendered":"http:\/\/kfz-beckmann.com\/?page_id=42"},"modified":"2022-06-02T18:12:29","modified_gmt":"2022-06-02T17:12:29","slug":"datenschutz","status":"publish","type":"page","link":"https:\/\/kfz-beckmann.com\/?page_id=42","title":{"rendered":"Datenschutz"},"content":{"rendered":"\n<p>Die Nutzung unserer Webseite ist in der Regel ohne Angabe personenbezogener Daten m\u00f6glich.<\/p>\n\n\n\n<p>Soweit auf unseren Seiten personenbezogene Daten (beispielsweise Name, Anschrift oder eMail-Adressen) erhoben werden, erfolgt dies, soweit m\u00f6glich, stets auf freiwilliger Basis.<\/p>\n\n\n\n<p>Diese Daten werden ohne Ihre ausdr\u00fcckliche Zustimmung nicht an Dritte weitergegeben.<\/p>\n\n\n\n<p>Wir weisen darauf hin, dass die Daten\u00fcbertragung im Internet (z.B. bei der Kommunikation per E-Mail) Sicherheitsl\u00fccken aufweisen kann. Ein l\u00fcckenloser Schutz der Daten vor dem Zugriff durch Dritte ist nicht m\u00f6glich.<\/p>\n\n\n\n<p>Der Nutzung von im Rahmen der Impressumspflicht ver\u00f6ffentlichten Kontaktdaten durch Dritte zur \u00dcbersendung von nicht ausdr\u00fccklich angeforderter Werbung und Informationsmaterialien wird hiermit ausdr\u00fccklich widersprochen.<\/p>\n\n\n\n<p>Die Betreiber der Seiten behalten sich ausdr\u00fccklich rechtliche Schritte im Falle der unverlangten Zusendung von Werbeinformationen, etwa durch Spam-Mails, vor. Wir nehmen den Schutz Ihrer pers\u00f6nlichen Daten sehr ernst und halten uns strikt an die einschl\u00e4gigen datenschutzrechtlichen Vorschriften, insbesondere das Datenschutzgesetz und das Telemediengesetz. Mit der nachfolgenden Erkl\u00e4rung m\u00f6chten wir Ihnen einen \u00dcberblick dar\u00fcber geben, wie wir den Schutz Ihrer Daten gew\u00e4hrleisten und welche Art von Daten zu welchem Zweck erhoben werden.<\/p>\n\n\n\n<p><strong>Allgemeines<\/strong><\/p>\n\n\n\n<p>Beim Besuch unserer Internetseiten werden anonyme Daten sowie gegebenenfalls personenbezogene Daten erhoben. Personenbezogene Daten sind dabei ausschlie\u00dflich solche Daten, die Sie uns im Rahmen von Eingabefenstern, Kontaktformularen oder per E-Mail freiwillig zur Verf\u00fcgung stellen und Ihre Einwilligung zur Erhebung erkl\u00e4rt haben. Personenbezogene Daten enthalten diejenigen Informationen, die eine Identifikation Ihrer Person zulassen, z. B. Name, Anschrift, Telefonnummer oder E-Mail-Adresse.<\/p>\n","protected":false},"excerpt":{"rendered":"<p>Die Nutzung unserer Webseite ist in der Regel ohne Angabe personenbezogener Daten m\u00f6glich. Soweit auf unseren Seiten personenbezogene Daten (beispielsweise Name, Anschrift oder eMail-Adressen) erhoben werden, erfolgt dies, soweit m\u00f6glich, stets auf freiwilliger Basis. Diese Daten werden ohne Ihre ausdr\u00fcckliche Zustimmung nicht an Dritte weitergegeben. Wir weisen darauf hin, dass die Daten\u00fcbertragung im Internet (z.B. &hellip; <\/p>\n<p class=\"link-more\"><a href=\"https:\/\/kfz-beckmann.com\/?page_id=42\" class=\"more-link\"><span class=\"screen-reader-text\">\u201eDatenschutz\u201c <\/span>weiterlesen<\/a><\/p>\n","protected":false},"author":1,"featured_media":0,"parent":2,"menu_order":2,"comment_status":"closed","ping_status":"closed","template":"","meta":{"footnotes":""},"class_list":["post-42","page","type-page","status-publish","hentry"],"yoast_head":"<!-- This site is optimized with the Yoast SEO plugin v27.5 - https:\/\/yoast.com\/product\/yoast-seo-wordpress\/ -->\n<title>Datenschutz - KFZ Service Daniel Beckmann<\/title>\n<meta name=\"robots\" content=\"index, follow, max-snippet:-1, max-image-preview:large, max-video-preview:-1\" \/>\n<link rel=\"canonical\" href=\"https:\/\/kfz-beckmann.com\/?page_id=42\" \/>\n<meta property=\"og:locale\" content=\"de_DE\" \/>\n<meta property=\"og:type\" content=\"article\" \/>\n<meta property=\"og:title\" content=\"Datenschutz - KFZ Service Daniel Beckmann\" \/>\n<meta property=\"og:description\" content=\"Die Nutzung unserer Webseite ist in der Regel ohne Angabe personenbezogener Daten m\u00f6glich. Soweit auf unseren Seiten personenbezogene Daten (beispielsweise Name, Anschrift oder eMail-Adressen) erhoben werden, erfolgt dies, soweit m\u00f6glich, stets auf freiwilliger Basis. Diese Daten werden ohne Ihre ausdr\u00fcckliche Zustimmung nicht an Dritte weitergegeben. Wir weisen darauf hin, dass die Daten\u00fcbertragung im Internet (z.B. &hellip; \u201eDatenschutz\u201c weiterlesen\" \/>\n<meta property=\"og:url\" content=\"https:\/\/kfz-beckmann.com\/?page_id=42\" \/>\n<meta property=\"og:site_name\" content=\"KFZ Service Daniel Beckmann\" \/>\n<meta property=\"article:modified_time\" content=\"2022-06-02T17:12:29+00:00\" \/>\n<meta name=\"twitter:card\" content=\"summary_large_image\" \/>\n<meta name=\"twitter:label1\" content=\"Gesch\u00e4tzte Lesezeit\" \/>\n\t<meta name=\"twitter:data1\" content=\"2\u00a0Minuten\" \/>\n<script type=\"application\/ld+json\" class=\"yoast-schema-graph\">{\"@context\":\"https:\\\/\\\/schema.org\",\"@graph\":[{\"@type\":\"WebPage\",\"@id\":\"https:\\\/\\\/kfz-beckmann.com\\\/?page_id=42\",\"url\":\"https:\\\/\\\/kfz-beckmann.com\\\/?page_id=42\",\"name\":\"Datenschutz - KFZ Service Daniel Beckmann\",\"isPartOf\":{\"@id\":\"https:\\\/\\\/kfz-beckmann.com\\\/#website\"},\"datePublished\":\"2020-02-14T07:27:48+00:00\",\"dateModified\":\"2022-06-02T17:12:29+00:00\",\"breadcrumb\":{\"@id\":\"https:\\\/\\\/kfz-beckmann.com\\\/?page_id=42#breadcrumb\"},\"inLanguage\":\"de\",\"potentialAction\":[{\"@type\":\"ReadAction\",\"target\":[\"https:\\\/\\\/kfz-beckmann.com\\\/?page_id=42\"]}]},{\"@type\":\"BreadcrumbList\",\"@id\":\"https:\\\/\\\/kfz-beckmann.com\\\/?page_id=42#breadcrumb\",\"itemListElement\":[{\"@type\":\"ListItem\",\"position\":1,\"name\":\"Startseite\",\"item\":\"https:\\\/\\\/kfz-beckmann.com\\\/\"},{\"@type\":\"ListItem\",\"position\":2,\"name\":\"KFZ Beckmann\",\"item\":\"https:\\\/\\\/kfz-beckmann.com\\\/\"},{\"@type\":\"ListItem\",\"position\":3,\"name\":\"Datenschutz\"}]},{\"@type\":\"WebSite\",\"@id\":\"https:\\\/\\\/kfz-beckmann.com\\\/#website\",\"url\":\"https:\\\/\\\/kfz-beckmann.com\\\/\",\"name\":\"KFZ Service Daniel Beckmann\",\"description\":\"Meisterbetrieb\",\"publisher\":{\"@id\":\"https:\\\/\\\/kfz-beckmann.com\\\/#organization\"},\"potentialAction\":[{\"@type\":\"SearchAction\",\"target\":{\"@type\":\"EntryPoint\",\"urlTemplate\":\"https:\\\/\\\/kfz-beckmann.com\\\/?s={search_term_string}\"},\"query-input\":{\"@type\":\"PropertyValueSpecification\",\"valueRequired\":true,\"valueName\":\"search_term_string\"}}],\"inLanguage\":\"de\"},{\"@type\":\"Organization\",\"@id\":\"https:\\\/\\\/kfz-beckmann.com\\\/#organization\",\"name\":\"KFZ Service Daniel Beckmann\",\"url\":\"https:\\\/\\\/kfz-beckmann.com\\\/\",\"logo\":{\"@type\":\"ImageObject\",\"inLanguage\":\"de\",\"@id\":\"https:\\\/\\\/kfz-beckmann.com\\\/#\\\/schema\\\/logo\\\/image\\\/\",\"url\":\"https:\\\/\\\/kfz-beckmann.com\\\/wp-content\\\/uploads\\\/2020\\\/02\\\/c7083313-0ca3-476a-a7f2-5c34455354c1.jpg\",\"contentUrl\":\"https:\\\/\\\/kfz-beckmann.com\\\/wp-content\\\/uploads\\\/2020\\\/02\\\/c7083313-0ca3-476a-a7f2-5c34455354c1.jpg\",\"width\":1600,\"height\":1200,\"caption\":\"KFZ Service Daniel Beckmann\"},\"image\":{\"@id\":\"https:\\\/\\\/kfz-beckmann.com\\\/#\\\/schema\\\/logo\\\/image\\\/\"}}]}<\/script>\n<!-- \/ Yoast SEO plugin. -->","yoast_head_json":{"title":"Datenschutz - KFZ Service Daniel Beckmann","robots":{"index":"index","follow":"follow","max-snippet":"max-snippet:-1","max-image-preview":"max-image-preview:large","max-video-preview":"max-video-preview:-1"},"canonical":"https:\/\/kfz-beckmann.com\/?page_id=42","og_locale":"de_DE","og_type":"article","og_title":"Datenschutz - KFZ Service Daniel Beckmann","og_description":"Die Nutzung unserer Webseite ist in der Regel ohne Angabe personenbezogener Daten m\u00f6glich. Soweit auf unseren Seiten personenbezogene Daten (beispielsweise Name, Anschrift oder eMail-Adressen) erhoben werden, erfolgt dies, soweit m\u00f6glich, stets auf freiwilliger Basis. Diese Daten werden ohne Ihre ausdr\u00fcckliche Zustimmung nicht an Dritte weitergegeben. Wir weisen darauf hin, dass die Daten\u00fcbertragung im Internet (z.B. &hellip; \u201eDatenschutz\u201c weiterlesen","og_url":"https:\/\/kfz-beckmann.com\/?page_id=42","og_site_name":"KFZ Service Daniel Beckmann","article_modified_time":"2022-06-02T17:12:29+00:00","twitter_card":"summary_large_image","twitter_misc":{"Gesch\u00e4tzte Lesezeit":"2\u00a0Minuten"},"schema":{"@context":"https:\/\/schema.org","@graph":[{"@type":"WebPage","@id":"https:\/\/kfz-beckmann.com\/?page_id=42","url":"https:\/\/kfz-beckmann.com\/?page_id=42","name":"Datenschutz - KFZ Service Daniel Beckmann","isPartOf":{"@id":"https:\/\/kfz-beckmann.com\/#website"},"datePublished":"2020-02-14T07:27:48+00:00","dateModified":"2022-06-02T17:12:29+00:00","breadcrumb":{"@id":"https:\/\/kfz-beckmann.com\/?page_id=42#breadcrumb"},"inLanguage":"de","potentialAction":[{"@type":"ReadAction","target":["https:\/\/kfz-beckmann.com\/?page_id=42"]}]},{"@type":"BreadcrumbList","@id":"https:\/\/kfz-beckmann.com\/?page_id=42#breadcrumb","itemListElement":[{"@type":"ListItem","position":1,"name":"Startseite","item":"https:\/\/kfz-beckmann.com\/"},{"@type":"ListItem","position":2,"name":"KFZ Beckmann","item":"https:\/\/kfz-beckmann.com\/"},{"@type":"ListItem","position":3,"name":"Datenschutz"}]},{"@type":"WebSite","@id":"https:\/\/kfz-beckmann.com\/#website","url":"https:\/\/kfz-beckmann.com\/","name":"KFZ Service Daniel Beckmann","description":"Meisterbetrieb","publisher":{"@id":"https:\/\/kfz-beckmann.com\/#organization"},"potentialAction":[{"@type":"SearchAction","target":{"@type":"EntryPoint","urlTemplate":"https:\/\/kfz-beckmann.com\/?s={search_term_string}"},"query-input":{"@type":"PropertyValueSpecification","valueRequired":true,"valueName":"search_term_string"}}],"inLanguage":"de"},{"@type":"Organization","@id":"https:\/\/kfz-beckmann.com\/#organization","name":"KFZ Service Daniel Beckmann","url":"https:\/\/kfz-beckmann.com\/","logo":{"@type":"ImageObject","inLanguage":"de","@id":"https:\/\/kfz-beckmann.com\/#\/schema\/logo\/image\/","url":"https:\/\/kfz-beckmann.com\/wp-content\/uploads\/2020\/02\/c7083313-0ca3-476a-a7f2-5c34455354c1.jpg","contentUrl":"https:\/\/kfz-beckmann.com\/wp-content\/uploads\/2020\/02\/c7083313-0ca3-476a-a7f2-5c34455354c1.jpg","width":1600,"height":1200,"caption":"KFZ Service Daniel Beckmann"},"image":{"@id":"https:\/\/kfz-beckmann.com\/#\/schema\/logo\/image\/"}}]}},"_links":{"self":[{"href":"https:\/\/kfz-beckmann.com\/index.php?rest_route=\/wp\/v2\/pages\/42","targetHints":{"allow":["GET"]}}],"collection":[{"href":"https:\/\/kfz-beckmann.com\/index.php?rest_route=\/wp\/v2\/pages"}],"about":[{"href":"https:\/\/kfz-beckmann.com\/index.php?rest_route=\/wp\/v2\/types\/page"}],"author":[{"embeddable":true,"href":"https:\/\/kfz-beckmann.com\/index.php?rest_route=\/wp\/v2\/users\/1"}],"replies":[{"embeddable":true,"href":"https:\/\/kfz-beckmann.com\/index.php?rest_route=%2Fwp%2Fv2%2Fcomments&post=42"}],"version-history":[{"count":2,"href":"https:\/\/kfz-beckmann.com\/index.php?rest_route=\/wp\/v2\/pages\/42\/revisions"}],"predecessor-version":[{"id":65,"href":"https:\/\/kfz-beckmann.com\/index.php?rest_route=\/wp\/v2\/pages\/42\/revisions\/65"}],"up":[{"embeddable":true,"href":"https:\/\/kfz-beckmann.com\/index.php?rest_route=\/wp\/v2\/pages\/2"}],"wp:attachment":[{"href":"https:\/\/kfz-beckmann.com\/index.php?rest_route=%2Fwp%2Fv2%2Fmedia&parent=42"}],"curies":[{"name":"wp","href":"https:\/\/api.w.org\/{rel}","templated":true}]}}