{"id":2,"date":"2016-05-10T03:48:21","date_gmt":"2016-05-10T02:48:21","guid":{"rendered":"http:\/\/kfz-beckmann.com\/?page_id=2"},"modified":"2022-06-03T14:23:08","modified_gmt":"2022-06-03T13:23:08","slug":"sample-page","status":"publish","type":"page","link":"https:\/\/kfz-beckmann.com\/","title":{"rendered":"KFZ Beckmann"},"content":{"rendered":"\n<p><strong><mark style=\"background-color:rgba(0, 0, 0, 0)\" class=\"has-inline-color has-vivid-red-color\">Sauber gschraubt &#8211; richtig gricht!<\/mark><\/strong><\/p>\n\n\n\n<p>Die Motorkontrollleuchte brennt, Bremsen kratzen, ein Steinschlag, der Service steht an &#8230; Ihr Auto ist Ihr t\u00e4glicher Begleiter, geben Sie es in H\u00e4nde, denen Sie vertrauen k\u00f6nnen.<\/p>\n\n\n\n<p>Ich sorge in meiner unabh\u00e4ngingen Meisterwerkstatt gut f\u00fcr Ihr Fahrzeug und mache es schnell wieder einsatzbereit. Sie profitieren von Fachwissen, Erfahrung und echter Leiderschaft f\u00fcr Autos.<\/p>\n\n\n\n<p><strong><em>Unabh\u00e4ngige Werkstatt f\u00fcr alles rund ums Auto<\/em><\/strong><br>Sie sind mit Ihrem Auto &#8211; egal von welchem Hersteller &#8211; immer willkommen. <br><br><strong><em>Ehrlich beraten &#8211; pers\u00f6nlich betreut<\/em><\/strong><br>Profitieren Sie von meiner ehrlichen Meinung als Kfz-Meister. Ich tue, was am besten f\u00fcr Sie und das Auto ist, nicht, womit ich am meisten verdiene. Meine Mitarbeiter und ich sind pers\u00f6nlich mit unserem Fachwissen f\u00fcr Sie da.<br><br><strong><em>Einfach erreichbar &#8211; auch im Notfall<\/em><\/strong><br>Sie k\u00f6nnen mich via Telefon, per E-Mail oder unb\u00fcrokratisch \u00fcber WhatsApp erreichen. <\/p>\n\n\n\n<p>Daniel Beckmann<br>Dorfplatz 15<br>84364 Bad Birnbach \/ Hirschbach<br><br>Mobil: +49 (0) 151 15292316<br>Mail: info@kfz-beckmann.com <\/p>\n\n\n\n<p>\u00d6ffnungszeiten:<br>Montag &#8211; Donnerstag: 08:00 &#8211; 12:00 Uhr \/ 13:00 &#8211; 17:00 Uhr<br>Freitag: 08:00 &#8211; 13:00 Uhr<\/p>\n","protected":false},"excerpt":{"rendered":"<p>Sauber gschraubt &#8211; richtig gricht! Die Motorkontrollleuchte brennt, Bremsen kratzen, ein Steinschlag, der Service steht an &#8230; Ihr Auto ist Ihr t\u00e4glicher Begleiter, geben Sie es in H\u00e4nde, denen Sie vertrauen k\u00f6nnen. Ich sorge in meiner unabh\u00e4ngingen Meisterwerkstatt gut f\u00fcr Ihr Fahrzeug und mache es schnell wieder einsatzbereit. Sie profitieren von Fachwissen, Erfahrung und echter &hellip; <\/p>\n<p class=\"link-more\"><a href=\"https:\/\/kfz-beckmann.com\/\" class=\"more-link\"><span class=\"screen-reader-text\">\u201eKFZ Beckmann\u201c <\/span>weiterlesen<\/a><\/p>\n","protected":false},"author":1,"featured_media":0,"parent":0,"menu_order":0,"comment_status":"closed","ping_status":"closed","template":"","meta":{"footnotes":""},"class_list":["post-2","page","type-page","status-publish","hentry"],"yoast_head":"<!-- This site is optimized with the Yoast SEO plugin v27.5 - https:\/\/yoast.com\/product\/yoast-seo-wordpress\/ -->\n<title>KFZ Beckmann - KFZ Service Daniel Beckmann<\/title>\n<meta name=\"description\" content=\"Ihr KFZ Werkstatt in Bad Birnbach \/ Hirschbach - \u00d6l-Service - Diagnose - Inspektion - HU-AU - Autoglas - Tuning - und mehr\" \/>\n<meta name=\"robots\" content=\"index, follow, max-snippet:-1, max-image-preview:large, max-video-preview:-1\" \/>\n<link rel=\"canonical\" href=\"https:\/\/kfz-beckmann.com\/\" \/>\n<meta property=\"og:locale\" content=\"de_DE\" \/>\n<meta property=\"og:type\" content=\"article\" \/>\n<meta property=\"og:title\" content=\"KFZ Beckmann - KFZ Service Daniel Beckmann\" \/>\n<meta property=\"og:description\" content=\"Ihr KFZ Werkstatt in Bad Birnbach \/ Hirschbach - \u00d6l-Service - Diagnose - Inspektion - HU-AU - Autoglas - Tuning - und mehr\" \/>\n<meta property=\"og:url\" content=\"https:\/\/kfz-beckmann.com\/\" \/>\n<meta property=\"og:site_name\" content=\"KFZ Service Daniel Beckmann\" \/>\n<meta property=\"article:modified_time\" content=\"2022-06-03T13:23:08+00:00\" \/>\n<meta name=\"twitter:card\" content=\"summary_large_image\" \/>\n<meta name=\"twitter:label1\" content=\"Gesch\u00e4tzte Lesezeit\" \/>\n\t<meta name=\"twitter:data1\" content=\"1\u00a0Minute\" \/>\n<script type=\"application\/ld+json\" class=\"yoast-schema-graph\">{\"@context\":\"https:\\\/\\\/schema.org\",\"@graph\":[{\"@type\":\"WebPage\",\"@id\":\"https:\\\/\\\/kfz-beckmann.com\\\/\",\"url\":\"https:\\\/\\\/kfz-beckmann.com\\\/\",\"name\":\"KFZ Beckmann - KFZ Service Daniel Beckmann\",\"isPartOf\":{\"@id\":\"https:\\\/\\\/kfz-beckmann.com\\\/#website\"},\"datePublished\":\"2016-05-10T02:48:21+00:00\",\"dateModified\":\"2022-06-03T13:23:08+00:00\",\"description\":\"Ihr KFZ Werkstatt in Bad Birnbach \\\/ Hirschbach - \u00d6l-Service - Diagnose - Inspektion - HU-AU - Autoglas - Tuning - und mehr\",\"breadcrumb\":{\"@id\":\"https:\\\/\\\/kfz-beckmann.com\\\/#breadcrumb\"},\"inLanguage\":\"de\",\"potentialAction\":[{\"@type\":\"ReadAction\",\"target\":[\"https:\\\/\\\/kfz-beckmann.com\\\/\"]}]},{\"@type\":\"BreadcrumbList\",\"@id\":\"https:\\\/\\\/kfz-beckmann.com\\\/#breadcrumb\",\"itemListElement\":[{\"@type\":\"ListItem\",\"position\":1,\"name\":\"Startseite\",\"item\":\"https:\\\/\\\/kfz-beckmann.com\\\/\"},{\"@type\":\"ListItem\",\"position\":2,\"name\":\"KFZ Beckmann\"}]},{\"@type\":\"WebSite\",\"@id\":\"https:\\\/\\\/kfz-beckmann.com\\\/#website\",\"url\":\"https:\\\/\\\/kfz-beckmann.com\\\/\",\"name\":\"KFZ Service Daniel Beckmann\",\"description\":\"Meisterbetrieb\",\"publisher\":{\"@id\":\"https:\\\/\\\/kfz-beckmann.com\\\/#organization\"},\"potentialAction\":[{\"@type\":\"SearchAction\",\"target\":{\"@type\":\"EntryPoint\",\"urlTemplate\":\"https:\\\/\\\/kfz-beckmann.com\\\/?s={search_term_string}\"},\"query-input\":{\"@type\":\"PropertyValueSpecification\",\"valueRequired\":true,\"valueName\":\"search_term_string\"}}],\"inLanguage\":\"de\"},{\"@type\":\"Organization\",\"@id\":\"https:\\\/\\\/kfz-beckmann.com\\\/#organization\",\"name\":\"KFZ Service Daniel Beckmann\",\"url\":\"https:\\\/\\\/kfz-beckmann.com\\\/\",\"logo\":{\"@type\":\"ImageObject\",\"inLanguage\":\"de\",\"@id\":\"https:\\\/\\\/kfz-beckmann.com\\\/#\\\/schema\\\/logo\\\/image\\\/\",\"url\":\"https:\\\/\\\/kfz-beckmann.com\\\/wp-content\\\/uploads\\\/2020\\\/02\\\/c7083313-0ca3-476a-a7f2-5c34455354c1.jpg\",\"contentUrl\":\"https:\\\/\\\/kfz-beckmann.com\\\/wp-content\\\/uploads\\\/2020\\\/02\\\/c7083313-0ca3-476a-a7f2-5c34455354c1.jpg\",\"width\":1600,\"height\":1200,\"caption\":\"KFZ Service Daniel Beckmann\"},\"image\":{\"@id\":\"https:\\\/\\\/kfz-beckmann.com\\\/#\\\/schema\\\/logo\\\/image\\\/\"}}]}<\/script>\n<!-- \/ Yoast SEO plugin. -->","yoast_head_json":{"title":"KFZ Beckmann - KFZ Service Daniel Beckmann","description":"Ihr KFZ Werkstatt in Bad Birnbach \/ Hirschbach - \u00d6l-Service - Diagnose - Inspektion - HU-AU - Autoglas - Tuning - und mehr","robots":{"index":"index","follow":"follow","max-snippet":"max-snippet:-1","max-image-preview":"max-image-preview:large","max-video-preview":"max-video-preview:-1"},"canonical":"https:\/\/kfz-beckmann.com\/","og_locale":"de_DE","og_type":"article","og_title":"KFZ Beckmann - KFZ Service Daniel Beckmann","og_description":"Ihr KFZ Werkstatt in Bad Birnbach \/ Hirschbach - \u00d6l-Service - Diagnose - Inspektion - HU-AU - Autoglas - Tuning - und mehr","og_url":"https:\/\/kfz-beckmann.com\/","og_site_name":"KFZ Service Daniel Beckmann","article_modified_time":"2022-06-03T13:23:08+00:00","twitter_card":"summary_large_image","twitter_misc":{"Gesch\u00e4tzte Lesezeit":"1\u00a0Minute"},"schema":{"@context":"https:\/\/schema.org","@graph":[{"@type":"WebPage","@id":"https:\/\/kfz-beckmann.com\/","url":"https:\/\/kfz-beckmann.com\/","name":"KFZ Beckmann - KFZ Service Daniel Beckmann","isPartOf":{"@id":"https:\/\/kfz-beckmann.com\/#website"},"datePublished":"2016-05-10T02:48:21+00:00","dateModified":"2022-06-03T13:23:08+00:00","description":"Ihr KFZ Werkstatt in Bad Birnbach \/ Hirschbach - \u00d6l-Service - Diagnose - Inspektion - HU-AU - Autoglas - Tuning - und mehr","breadcrumb":{"@id":"https:\/\/kfz-beckmann.com\/#breadcrumb"},"inLanguage":"de","potentialAction":[{"@type":"ReadAction","target":["https:\/\/kfz-beckmann.com\/"]}]},{"@type":"BreadcrumbList","@id":"https:\/\/kfz-beckmann.com\/#breadcrumb","itemListElement":[{"@type":"ListItem","position":1,"name":"Startseite","item":"https:\/\/kfz-beckmann.com\/"},{"@type":"ListItem","position":2,"name":"KFZ Beckmann"}]},{"@type":"WebSite","@id":"https:\/\/kfz-beckmann.com\/#website","url":"https:\/\/kfz-beckmann.com\/","name":"KFZ Service Daniel Beckmann","description":"Meisterbetrieb","publisher":{"@id":"https:\/\/kfz-beckmann.com\/#organization"},"potentialAction":[{"@type":"SearchAction","target":{"@type":"EntryPoint","urlTemplate":"https:\/\/kfz-beckmann.com\/?s={search_term_string}"},"query-input":{"@type":"PropertyValueSpecification","valueRequired":true,"valueName":"search_term_string"}}],"inLanguage":"de"},{"@type":"Organization","@id":"https:\/\/kfz-beckmann.com\/#organization","name":"KFZ Service Daniel Beckmann","url":"https:\/\/kfz-beckmann.com\/","logo":{"@type":"ImageObject","inLanguage":"de","@id":"https:\/\/kfz-beckmann.com\/#\/schema\/logo\/image\/","url":"https:\/\/kfz-beckmann.com\/wp-content\/uploads\/2020\/02\/c7083313-0ca3-476a-a7f2-5c34455354c1.jpg","contentUrl":"https:\/\/kfz-beckmann.com\/wp-content\/uploads\/2020\/02\/c7083313-0ca3-476a-a7f2-5c34455354c1.jpg","width":1600,"height":1200,"caption":"KFZ Service Daniel Beckmann"},"image":{"@id":"https:\/\/kfz-beckmann.com\/#\/schema\/logo\/image\/"}}]}},"_links":{"self":[{"href":"https:\/\/kfz-beckmann.com\/index.php?rest_route=\/wp\/v2\/pages\/2","targetHints":{"allow":["GET"]}}],"collection":[{"href":"https:\/\/kfz-beckmann.com\/index.php?rest_route=\/wp\/v2\/pages"}],"about":[{"href":"https:\/\/kfz-beckmann.com\/index.php?rest_route=\/wp\/v2\/types\/page"}],"author":[{"embeddable":true,"href":"https:\/\/kfz-beckmann.com\/index.php?rest_route=\/wp\/v2\/users\/1"}],"replies":[{"embeddable":true,"href":"https:\/\/kfz-beckmann.com\/index.php?rest_route=%2Fwp%2Fv2%2Fcomments&post=2"}],"version-history":[{"count":10,"href":"https:\/\/kfz-beckmann.com\/index.php?rest_route=\/wp\/v2\/pages\/2\/revisions"}],"predecessor-version":[{"id":88,"href":"https:\/\/kfz-beckmann.com\/index.php?rest_route=\/wp\/v2\/pages\/2\/revisions\/88"}],"wp:attachment":[{"href":"https:\/\/kfz-beckmann.com\/index.php?rest_route=%2Fwp%2Fv2%2Fmedia&parent=2"}],"curies":[{"name":"wp","href":"https:\/\/api.w.org\/{rel}","templated":true}]}}